{"id":159,"date":"2021-05-14T15:51:25","date_gmt":"2021-05-14T18:51:25","guid":{"rendered":"https:\/\/itsalk.com\/pagina-exemplo\/"},"modified":"2022-08-11T09:58:20","modified_gmt":"2022-08-11T12:58:20","slug":"pagina-exemplo","status":"publish","type":"page","link":"https:\/\/itsalk.com\/pt-br\/","title":{"rendered":"Itsalk"},"content":{"rendered":"\n<div class=\"wp-block-cover\"><span aria-hidden=\"true\" class=\"wp-block-cover__background has-background-dim-0 has-background-dim\"><\/span><img decoding=\"async\" loading=\"lazy\" width=\"1920\" height=\"1181\" class=\"wp-block-cover__image-background wp-image-160\" alt=\"\" src=\"https:\/\/itsalk.com\/wp-content\/uploads\/2021\/05\/abertura-home.png\" style=\"object-position:50% 100%\" data-object-fit=\"cover\" data-object-position=\"50% 100%\" srcset=\"https:\/\/itsalk.com\/wp-content\/uploads\/2021\/05\/abertura-home.png 1920w, https:\/\/itsalk.com\/wp-content\/uploads\/2021\/05\/abertura-home-300x185.png 300w, https:\/\/itsalk.com\/wp-content\/uploads\/2021\/05\/abertura-home-1024x630.png 1024w, https:\/\/itsalk.com\/wp-content\/uploads\/2021\/05\/abertura-home-768x472.png 768w, https:\/\/itsalk.com\/wp-content\/uploads\/2021\/05\/abertura-home-1536x945.png 1536w\" sizes=\"(max-width: 1920px) 100vw, 1920px\" \/><div class=\"wp-block-cover__inner-container\">\n<div style=\"height:100px\" aria-hidden=\"true\" class=\"wp-block-spacer\"><\/div>\n\n\n\n<div class=\"is-layout-flex wp-container-6 wp-block-columns are-vertically-aligned-center container\">\n<div class=\"is-layout-flow wp-block-column is-vertically-aligned-center\" style=\"flex-basis:33%\">\n<h2 class=\"has-text-align-center\">Acesse seus<br>arquivos de<br><strong>qualquer lugar<\/strong><\/h2>\n\n\n\n<div class=\"is-layout-flex wp-container-3 wp-block-columns\">\n<div class=\"is-layout-flow wp-block-column\"><div class=\"wp-block-image\">\n<figure class=\"aligncenter size-large is-resized\"><a href=\"https:\/\/play.google.com\/store\/apps\/details?id=com.DocProOne.itsalkApp\"><img decoding=\"async\" loading=\"lazy\" src=\"https:\/\/itsalk.com\/wp-content\/uploads\/2021\/07\/google-play-badge-1.png\" alt=\"\" class=\"wp-image-361\" width=\"139\" height=\"40\" srcset=\"https:\/\/itsalk.com\/wp-content\/uploads\/2021\/07\/google-play-badge-1.png 556w, https:\/\/itsalk.com\/wp-content\/uploads\/2021\/07\/google-play-badge-1-300x86.png 300w\" sizes=\"(max-width: 139px) 100vw, 139px\" \/><\/a><\/figure><\/div><\/div>\n\n\n\n<div class=\"is-layout-flow wp-block-column\"><div class=\"wp-block-image\">\n<figure class=\"aligncenter size-large\"><a href=\"https:\/\/apps.apple.com\/us\/app\/itsalk\/id1587068065\"><img decoding=\"async\" loading=\"lazy\" width=\"119\" height=\"40\" src=\"https:\/\/itsalk.com\/wp-content\/uploads\/\/2021\/07\/Download_on_the_App_Store_Badge_PTBR_RGB_blk_092917.svg\" alt=\"\" class=\"wp-image-346\"\/><\/a><\/figure><\/div><\/div>\n<\/div>\n<\/div>\n\n\n\n<div class=\"is-layout-flow wp-block-column is-vertically-aligned-center\" style=\"flex-basis:66%\">\n<figure class=\"wp-block-image size-large\"><img decoding=\"async\" loading=\"lazy\" width=\"1024\" height=\"598\" src=\"https:\/\/itsalk.com\/wp-content\/uploads\/2021\/06\/show-case-4-b-no-bg-2048x1195-1-1024x598.png\" alt=\"\" class=\"wp-image-205\" srcset=\"https:\/\/itsalk.com\/wp-content\/uploads\/2021\/06\/show-case-4-b-no-bg-2048x1195-1-1024x598.png 1024w, https:\/\/itsalk.com\/wp-content\/uploads\/2021\/06\/show-case-4-b-no-bg-2048x1195-1-300x175.png 300w, https:\/\/itsalk.com\/wp-content\/uploads\/2021\/06\/show-case-4-b-no-bg-2048x1195-1-768x448.png 768w, https:\/\/itsalk.com\/wp-content\/uploads\/2021\/06\/show-case-4-b-no-bg-2048x1195-1-1536x896.png 1536w, https:\/\/itsalk.com\/wp-content\/uploads\/2021\/06\/show-case-4-b-no-bg-2048x1195-1.png 2048w\" sizes=\"(max-width: 1024px) 100vw, 1024px\" \/><\/figure>\n<\/div>\n<\/div>\n<\/div><\/div>\n\n\n\n<div class=\"is-layout-flex wp-container-9 wp-block-columns are-vertically-aligned-center container\">\n<div class=\"is-layout-flow wp-block-column is-vertically-aligned-center\" style=\"flex-basis:50%\">\n<figure class=\"wp-block-image size-large\"><img decoding=\"async\" loading=\"lazy\" width=\"540\" height=\"600\" src=\"https:\/\/itsalk.com\/wp-content\/uploads\/2021\/06\/homemob.png\" alt=\"Mockup do Software em um celular\" class=\"wp-image-189\" srcset=\"https:\/\/itsalk.com\/wp-content\/uploads\/2021\/06\/homemob.png 540w, https:\/\/itsalk.com\/wp-content\/uploads\/2021\/06\/homemob-270x300.png 270w\" sizes=\"(max-width: 540px) 100vw, 540px\" \/><\/figure>\n<\/div>\n\n\n\n<div class=\"is-layout-flow wp-block-column is-vertically-aligned-center\" style=\"flex-basis:30%\">\n<h2><strong><strong>O aplicativo para gerenciar os seus arquivos de qualquer lugar<\/strong><\/strong><\/h2>\n\n\n\n<figure class=\"wp-block-image size-large\"><img decoding=\"async\" loading=\"lazy\" width=\"290\" height=\"7\" src=\"https:\/\/itsalk.com\/wp-content\/uploads\/2021\/05\/linha-divisoria-vermelha.png\" alt=\"\" class=\"wp-image-166\"\/><\/figure>\n\n\n\n<p>Acesse do seu smartphone, computador ou tablet, todos os seus arquivos a um clique de dist\u00e2ncia<\/p>\n<\/div>\n<\/div>\n\n\n\n<div class=\"wp-block-cover has-background-dim\"><span aria-hidden=\"true\" class=\"wp-block-cover__background has-background-dim-100 has-background-dim\"><\/span><img decoding=\"async\" loading=\"lazy\" width=\"1920\" height=\"792\" class=\"wp-block-cover__image-background wp-image-170\" alt=\"\" src=\"https:\/\/itsalk.com\/wp-content\/uploads\/2021\/05\/banner-mid-home.png\" data-object-fit=\"cover\" srcset=\"https:\/\/itsalk.com\/wp-content\/uploads\/2021\/05\/banner-mid-home.png 1920w, https:\/\/itsalk.com\/wp-content\/uploads\/2021\/05\/banner-mid-home-300x124.png 300w, https:\/\/itsalk.com\/wp-content\/uploads\/2021\/05\/banner-mid-home-1024x422.png 1024w, https:\/\/itsalk.com\/wp-content\/uploads\/2021\/05\/banner-mid-home-768x317.png 768w, https:\/\/itsalk.com\/wp-content\/uploads\/2021\/05\/banner-mid-home-1536x634.png 1536w\" sizes=\"(max-width: 1920px) 100vw, 1920px\" \/><div class=\"wp-block-cover__inner-container\">\n<div class=\"is-layout-flex wp-container-12 wp-block-columns container\">\n<div class=\"is-layout-flow wp-block-column\">\n<figure class=\"wp-block-image size-large\"><img decoding=\"async\" loading=\"lazy\" width=\"290\" height=\"7\" src=\"https:\/\/itsalk.com\/wp-content\/uploads\/2021\/05\/linha-divisoria.png\" alt=\"\" class=\"wp-image-169\"\/><\/figure>\n\n\n\n<p class=\"has-text-align-left\">Se voc\u00ea luta para lembrar onde salvou aquele documento que recebeu na semana passada e precisa acessar os seus diferentes equipamentos para procurar, voc\u00ea precisa do Itsalk.<\/p>\n\n\n\n<p class=\"has-text-align-left\">Gerencie todos os seus documentos de forma simples, f\u00e1cil e intuitiva. Al\u00e9m de contar com a seguran\u00e7a de que seus documentos estar\u00e3o protegidos e, apenas voc\u00ea, poder\u00e1 acess\u00e1-los.<\/p>\n<\/div>\n\n\n\n<div class=\"is-layout-flow wp-block-column\">\n<figure class=\"wp-block-image size-large imagem-direita\"><img decoding=\"async\" loading=\"lazy\" width=\"1000\" height=\"1000\" src=\"https:\/\/itsalk.com\/wp-content\/uploads\/2021\/06\/mockup-cel.png\" alt=\"Mockup do Software em um celular\" class=\"wp-image-188\" srcset=\"https:\/\/itsalk.com\/wp-content\/uploads\/2021\/06\/mockup-cel.png 1000w, https:\/\/itsalk.com\/wp-content\/uploads\/2021\/06\/mockup-cel-300x300.png 300w, https:\/\/itsalk.com\/wp-content\/uploads\/2021\/06\/mockup-cel-150x150.png 150w, https:\/\/itsalk.com\/wp-content\/uploads\/2021\/06\/mockup-cel-768x768.png 768w\" sizes=\"(max-width: 1000px) 100vw, 1000px\" \/><\/figure>\n<\/div>\n<\/div>\n<\/div><\/div>\n\n\n\n<div style=\"height:50px\" aria-hidden=\"true\" class=\"wp-block-spacer\"><\/div>\n\n\n\n<div class=\"is-layout-flex wp-container-28 wp-block-columns container\">\n<div class=\"is-layout-flow wp-block-column is-vertically-aligned-bottom borda-redonda sombra\" style=\"flex-basis:50%\">\n<div class=\"is-layout-flex wp-container-16 wp-block-columns\">\n<div class=\"is-layout-flow wp-block-column\">\n<figure class=\"wp-block-image size-large\"><img decoding=\"async\" loading=\"lazy\" width=\"150\" height=\"150\" src=\"https:\/\/itsalk.com\/wp-content\/uploads\/2021\/07\/documentos-seguros-2.jpg\" alt=\"\" class=\"wp-image-320\"\/><\/figure>\n<\/div>\n\n\n\n<div class=\"is-layout-flow wp-block-column\">\n<figure class=\"wp-block-image size-large\"><img decoding=\"async\" loading=\"lazy\" width=\"150\" height=\"150\" src=\"https:\/\/itsalk.com\/wp-content\/uploads\/2021\/07\/compartilhe-2.jpg\" alt=\"\" class=\"wp-image-312\"\/><\/figure>\n<\/div>\n\n\n\n<div class=\"is-layout-flow wp-block-column\">\n<figure class=\"wp-block-image size-large\"><img decoding=\"async\" loading=\"lazy\" width=\"150\" height=\"150\" src=\"https:\/\/itsalk.com\/wp-content\/uploads\/2021\/07\/digitalizacao-2.jpg\" alt=\"\" class=\"wp-image-316\"\/><\/figure>\n<\/div>\n<\/div>\n\n\n\n<div class=\"is-layout-flex wp-container-20 wp-block-columns\">\n<div class=\"is-layout-flow wp-block-column\">\n<figure class=\"wp-block-image size-large\"><img decoding=\"async\" loading=\"lazy\" width=\"150\" height=\"150\" src=\"https:\/\/itsalk.com\/wp-content\/uploads\/2021\/07\/pesquisa-rapida-2.jpg\" alt=\"\" class=\"wp-image-332\"\/><\/figure>\n<\/div>\n\n\n\n<div class=\"is-layout-flow wp-block-column\">\n<figure class=\"wp-block-image size-large\"><img decoding=\"async\" loading=\"lazy\" width=\"150\" height=\"150\" src=\"https:\/\/itsalk.com\/wp-content\/uploads\/2021\/07\/alcance-resultados-2.jpg\" alt=\"\" class=\"wp-image-308\"\/><\/figure>\n<\/div>\n\n\n\n<div class=\"is-layout-flow wp-block-column\">\n<figure class=\"wp-block-image size-large\"><img decoding=\"async\" loading=\"lazy\" width=\"150\" height=\"150\" src=\"https:\/\/itsalk.com\/wp-content\/uploads\/2021\/07\/melhore-produtividade-2.jpg\" alt=\"\" class=\"wp-image-324\"\/><\/figure>\n<\/div>\n<\/div>\n\n\n\n<div class=\"is-layout-flex wp-container-24 wp-block-columns\">\n<div class=\"is-layout-flow wp-block-column\">\n<figure class=\"wp-block-image size-large\"><img decoding=\"async\" loading=\"lazy\" width=\"150\" height=\"150\" src=\"https:\/\/itsalk.com\/wp-content\/uploads\/2021\/07\/organize-documentos-2.jpg\" alt=\"\" class=\"wp-image-328\"\/><\/figure>\n<\/div>\n\n\n\n<div class=\"is-layout-flow wp-block-column\"><\/div>\n\n\n\n<div class=\"is-layout-flow wp-block-column\"><\/div>\n<\/div>\n<\/div>\n\n\n\n<div class=\"is-layout-flow wp-block-column\" style=\"flex-basis:33%\">\n<h2>Como o itsalk pode te ajudar:<\/h2>\n\n\n\n<figure class=\"wp-block-image size-large\"><img decoding=\"async\" loading=\"lazy\" width=\"290\" height=\"7\" src=\"https:\/\/itsalk.com\/wp-content\/uploads\/2021\/05\/linha-divisoria-vermelha.png\" alt=\"\" class=\"wp-image-166\"\/><\/figure>\n\n\n\n<div class=\"is-layout-flex wp-block-buttons\">\n<div class=\"wp-block-button\"><a class=\"wp-block-button__link\" href=\"https:\/\/itsalk.com\/SignUp\">Experimente agora<\/a><\/div>\n<\/div>\n<\/div>\n<\/div>\n","protected":false},"excerpt":{"rendered":"<p>O aplicativo para gerenciar os seus arquivos de qualquer lugar Acesse do seu smartphone, computador ou tablet, todos os seus arquivos a um clique de d [&#8230;]<\/p>\n<p><a class=\"btn btn-primary understrap-read-more-link\" href=\"https:\/\/itsalk.com\/pt-br\/\">Leia Mais<\/a><\/p>\n","protected":false},"author":1,"featured_media":0,"parent":0,"menu_order":0,"comment_status":"closed","ping_status":"open","template":"page-templates\/empty.php","meta":[],"acf":[],"yoast_head":"<!-- This site is optimized with the Yoast SEO plugin v19.10 - https:\/\/yoast.com\/wordpress\/plugins\/seo\/ -->\n<title>Itsalk - itsalk<\/title>\n<meta name=\"robots\" content=\"index, follow, max-snippet:-1, max-image-preview:large, max-video-preview:-1\" \/>\n<link rel=\"canonical\" href=\"https:\/\/itsalk.com\/pt-br\/\" \/>\n<meta property=\"og:locale\" content=\"pt_BR\" \/>\n<meta property=\"og:type\" content=\"article\" \/>\n<meta property=\"og:title\" content=\"Itsalk - itsalk\" \/>\n<meta property=\"og:description\" content=\"O aplicativo para gerenciar os seus arquivos de qualquer lugar Acesse do seu smartphone, computador ou tablet, todos os seus arquivos a um clique de d [...]Leia Mais\" \/>\n<meta property=\"og:url\" content=\"https:\/\/itsalk.com\/pt-br\/\" \/>\n<meta property=\"og:site_name\" content=\"itsalk\" \/>\n<meta property=\"article:modified_time\" content=\"2022-08-11T12:58:20+00:00\" \/>\n<meta property=\"og:image\" content=\"https:\/\/itsalk.com\/wp-content\/uploads\/2021\/05\/abertura-home.png\" \/>\n<meta name=\"twitter:card\" content=\"summary_large_image\" \/>\n<meta name=\"twitter:label1\" content=\"Est. tempo de leitura\" \/>\n\t<meta name=\"twitter:data1\" content=\"4 minutos\" \/>\n<script type=\"application\/ld+json\" class=\"yoast-schema-graph\">{\"@context\":\"https:\/\/schema.org\",\"@graph\":[{\"@type\":\"WebPage\",\"@id\":\"https:\/\/itsalk.com\/pt-br\/\",\"url\":\"https:\/\/itsalk.com\/pt-br\/\",\"name\":\"Itsalk - itsalk\",\"isPartOf\":{\"@id\":\"https:\/\/itsalk.com\/pt-br\/#website\"},\"datePublished\":\"2021-05-14T18:51:25+00:00\",\"dateModified\":\"2022-08-11T12:58:20+00:00\",\"breadcrumb\":{\"@id\":\"https:\/\/itsalk.com\/pt-br\/#breadcrumb\"},\"inLanguage\":\"pt-BR\",\"potentialAction\":[{\"@type\":\"ReadAction\",\"target\":[\"https:\/\/itsalk.com\/pt-br\/\"]}]},{\"@type\":\"BreadcrumbList\",\"@id\":\"https:\/\/itsalk.com\/pt-br\/#breadcrumb\",\"itemListElement\":[{\"@type\":\"ListItem\",\"position\":1,\"name\":\"In\u00edcio\",\"item\":\"https:\/\/itsalk.com\/pt-br\/\"},{\"@type\":\"ListItem\",\"position\":2,\"name\":\"Itsalk\"}]},{\"@type\":\"WebSite\",\"@id\":\"https:\/\/itsalk.com\/pt-br\/#website\",\"url\":\"https:\/\/itsalk.com\/pt-br\/\",\"name\":\"itsalk\",\"description\":\"it&#039;s all knowledge\",\"publisher\":{\"@id\":\"https:\/\/itsalk.com\/pt-br\/#organization\"},\"potentialAction\":[{\"@type\":\"SearchAction\",\"target\":{\"@type\":\"EntryPoint\",\"urlTemplate\":\"https:\/\/itsalk.com\/pt-br\/?s={search_term_string}\"},\"query-input\":\"required name=search_term_string\"}],\"inLanguage\":\"pt-BR\"},{\"@type\":\"Organization\",\"@id\":\"https:\/\/itsalk.com\/pt-br\/#organization\",\"name\":\"itsalk\",\"url\":\"https:\/\/itsalk.com\/pt-br\/\",\"logo\":{\"@type\":\"ImageObject\",\"inLanguage\":\"pt-BR\",\"@id\":\"https:\/\/itsalk.com\/pt-br\/#\/schema\/logo\/image\/\",\"url\":\"https:\/\/itsalk.com\/wp-content\/uploads\/2021\/05\/logo-3x1-1.png\",\"contentUrl\":\"https:\/\/itsalk.com\/wp-content\/uploads\/2021\/05\/logo-3x1-1.png\",\"width\":300,\"height\":200,\"caption\":\"itsalk\"},\"image\":{\"@id\":\"https:\/\/itsalk.com\/pt-br\/#\/schema\/logo\/image\/\"}}]}<\/script>\n<!-- \/ Yoast SEO plugin. -->","yoast_head_json":{"title":"Itsalk - itsalk","robots":{"index":"index","follow":"follow","max-snippet":"max-snippet:-1","max-image-preview":"max-image-preview:large","max-video-preview":"max-video-preview:-1"},"canonical":"https:\/\/itsalk.com\/pt-br\/","og_locale":"pt_BR","og_type":"article","og_title":"Itsalk - itsalk","og_description":"O aplicativo para gerenciar os seus arquivos de qualquer lugar Acesse do seu smartphone, computador ou tablet, todos os seus arquivos a um clique de d [...]Leia Mais","og_url":"https:\/\/itsalk.com\/pt-br\/","og_site_name":"itsalk","article_modified_time":"2022-08-11T12:58:20+00:00","og_image":[{"url":"https:\/\/itsalk.com\/wp-content\/uploads\/2021\/05\/abertura-home.png"}],"twitter_card":"summary_large_image","twitter_misc":{"Est. tempo de leitura":"4 minutos"},"schema":{"@context":"https:\/\/schema.org","@graph":[{"@type":"WebPage","@id":"https:\/\/itsalk.com\/pt-br\/","url":"https:\/\/itsalk.com\/pt-br\/","name":"Itsalk - itsalk","isPartOf":{"@id":"https:\/\/itsalk.com\/pt-br\/#website"},"datePublished":"2021-05-14T18:51:25+00:00","dateModified":"2022-08-11T12:58:20+00:00","breadcrumb":{"@id":"https:\/\/itsalk.com\/pt-br\/#breadcrumb"},"inLanguage":"pt-BR","potentialAction":[{"@type":"ReadAction","target":["https:\/\/itsalk.com\/pt-br\/"]}]},{"@type":"BreadcrumbList","@id":"https:\/\/itsalk.com\/pt-br\/#breadcrumb","itemListElement":[{"@type":"ListItem","position":1,"name":"In\u00edcio","item":"https:\/\/itsalk.com\/pt-br\/"},{"@type":"ListItem","position":2,"name":"Itsalk"}]},{"@type":"WebSite","@id":"https:\/\/itsalk.com\/pt-br\/#website","url":"https:\/\/itsalk.com\/pt-br\/","name":"itsalk","description":"it&#039;s all knowledge","publisher":{"@id":"https:\/\/itsalk.com\/pt-br\/#organization"},"potentialAction":[{"@type":"SearchAction","target":{"@type":"EntryPoint","urlTemplate":"https:\/\/itsalk.com\/pt-br\/?s={search_term_string}"},"query-input":"required name=search_term_string"}],"inLanguage":"pt-BR"},{"@type":"Organization","@id":"https:\/\/itsalk.com\/pt-br\/#organization","name":"itsalk","url":"https:\/\/itsalk.com\/pt-br\/","logo":{"@type":"ImageObject","inLanguage":"pt-BR","@id":"https:\/\/itsalk.com\/pt-br\/#\/schema\/logo\/image\/","url":"https:\/\/itsalk.com\/wp-content\/uploads\/2021\/05\/logo-3x1-1.png","contentUrl":"https:\/\/itsalk.com\/wp-content\/uploads\/2021\/05\/logo-3x1-1.png","width":300,"height":200,"caption":"itsalk"},"image":{"@id":"https:\/\/itsalk.com\/pt-br\/#\/schema\/logo\/image\/"}}]}},"_links":{"self":[{"href":"https:\/\/itsalk.com\/pt-br\/wp-json\/wp\/v2\/pages\/159"}],"collection":[{"href":"https:\/\/itsalk.com\/pt-br\/wp-json\/wp\/v2\/pages"}],"about":[{"href":"https:\/\/itsalk.com\/pt-br\/wp-json\/wp\/v2\/types\/page"}],"author":[{"embeddable":true,"href":"https:\/\/itsalk.com\/pt-br\/wp-json\/wp\/v2\/users\/1"}],"replies":[{"embeddable":true,"href":"https:\/\/itsalk.com\/pt-br\/wp-json\/wp\/v2\/comments?post=159"}],"version-history":[{"count":68,"href":"https:\/\/itsalk.com\/pt-br\/wp-json\/wp\/v2\/pages\/159\/revisions"}],"predecessor-version":[{"id":633,"href":"https:\/\/itsalk.com\/pt-br\/wp-json\/wp\/v2\/pages\/159\/revisions\/633"}],"wp:attachment":[{"href":"https:\/\/itsalk.com\/pt-br\/wp-json\/wp\/v2\/media?parent=159"}],"curies":[{"name":"wp","href":"https:\/\/api.w.org\/{rel}","templated":true}]}}