{"id":240,"date":"2021-05-14T16:53:42","date_gmt":"2021-05-14T19:53:42","guid":{"rendered":"https:\/\/itsalk.com\/quem-somos\/"},"modified":"2022-06-28T09:25:51","modified_gmt":"2022-06-28T12:25:51","slug":"quem-somos","status":"publish","type":"page","link":"https:\/\/itsalk.com\/pt-br\/quem-somos\/","title":{"rendered":"Quem Somos"},"content":{"rendered":"\n<div style=\"height:10px\" aria-hidden=\"true\" class=\"wp-block-spacer\"><\/div>\n\n\n\n<div class=\"is-layout-flex wp-container-3 wp-block-columns are-vertically-aligned-center container\">\n<div class=\"is-layout-flow wp-block-column is-vertically-aligned-center\">\n<div style=\"height:50px\" aria-hidden=\"true\" class=\"wp-block-spacer\"><\/div>\n\n\n\n<h2 class=\"has-text-color\" style=\"color:#670d0f\">Quem somos<\/h2>\n\n\n\n<figure class=\"wp-block-image size-large\"><img decoding=\"async\" loading=\"lazy\" width=\"290\" height=\"7\" src=\"https:\/\/itsalk.com\/wp-content\/uploads\/2021\/05\/linha-divisoria-vermelha.png\" alt=\"\" class=\"wp-image-166\"\/><\/figure>\n\n\n\n<p>Itsalk \u00e9 a solu\u00e7\u00e3o para gerenciar, guardar e organizar seus documentos, arquivos eletr\u00f4nicos, imagens, fotos e pap\u00e9is escaneados ou fotografados. Tudo em pastas de arquivos que voc\u00ea classifica como quiser pois Itsalk sempre ir\u00e1 ach\u00e1-los para voc\u00ea.<\/p>\n\n\n\n<p>Em uma s\u00f3 PESQUISA, encontra todas as p\u00e1ginas onde ocorre o que procurou, seja em documentos, imagens, fotos, etc, marca em cada uma o texto procurado e permite ir de ocorr\u00eancia em ocorr\u00eancia em um click.<\/p>\n\n\n\n<p>Use no PC ou em celulares indistintamente, armazenando na nuvem sem gastar espa\u00e7o em seus equipamentos, com acesso de qualquer lugar. Compartilhe com pessoas selecionadas ou com todos, permitindo ou n\u00e3o que alterem.<\/p>\n\n\n\n<p>Seus dados ou arquivos n\u00e3o s\u00e3o vistos ou compartilhados pela Itsalk. S\u00f3 voc\u00ea e quem voc\u00ea permitiu poder\u00e1 ver. (consulte nossa Pol\u00edtica de Privacidade e Termos de Uso)<\/p>\n<\/div>\n\n\n\n<div class=\"is-layout-flow wp-block-column is-vertically-aligned-center\">\n<figure class=\"wp-block-image size-large\"><img decoding=\"async\" loading=\"lazy\" width=\"1024\" height=\"597\" src=\"https:\/\/itsalk.com\/wp-content\/uploads\/2021\/06\/show-case-4-b-1024x597.png\" alt=\"Mockup do Software em um v\u00e1rios dispositivos\" class=\"wp-image-190\" srcset=\"https:\/\/itsalk.com\/wp-content\/uploads\/2021\/06\/show-case-4-b-1024x597.png 1024w, https:\/\/itsalk.com\/wp-content\/uploads\/2021\/06\/show-case-4-b-300x175.png 300w, https:\/\/itsalk.com\/wp-content\/uploads\/2021\/06\/show-case-4-b-768x448.png 768w, https:\/\/itsalk.com\/wp-content\/uploads\/2021\/06\/show-case-4-b-1536x896.png 1536w, https:\/\/itsalk.com\/wp-content\/uploads\/2021\/06\/show-case-4-b-2048x1195.png 2048w\" sizes=\"(max-width: 1024px) 100vw, 1024px\" \/><\/figure>\n<\/div>\n<\/div>\n\n\n\n<div class=\"is-layout-flex wp-container-10 wp-block-columns are-vertically-aligned-center container\">\n<div class=\"is-layout-flow wp-block-column is-vertically-aligned-center\" style=\"flex-basis:25%\"><\/div>\n\n\n\n<div class=\"is-layout-flow wp-block-column is-vertically-aligned-center\" style=\"flex-basis:50%\">\n<h2 class=\"has-text-align-center\"><strong>Fa\u00e7a o download agora mesmo e comece a revolucionar a forma de guardar arquivos<\/strong><\/h2>\n\n\n\n<div class=\"is-layout-flex wp-container-7 wp-block-columns\">\n<div class=\"is-layout-flow wp-block-column\">\n<figure class=\"wp-block-image\"><a href=\"https:\/\/play.google.com\/store\/apps\/details?id=com.DocProOne.itsalkApp\"><img decoding=\"async\" loading=\"lazy\" width=\"556\" height=\"160\" src=\"https:\/\/itsalk.com\/wp-content\/uploads\/2021\/07\/google-play-badge-1.png\" alt=\"\" class=\"wp-image-361\" srcset=\"https:\/\/itsalk.com\/wp-content\/uploads\/2021\/07\/google-play-badge-1.png 556w, https:\/\/itsalk.com\/wp-content\/uploads\/2021\/07\/google-play-badge-1-300x86.png 300w\" sizes=\"(max-width: 556px) 100vw, 556px\" \/><\/a><\/figure>\n\n\n<\/div>\n\n\n\n<div class=\"is-layout-flow wp-block-column\">\n<figure class=\"wp-block-image is-resized\"><a href=\"https:\/\/apps.apple.com\/us\/app\/itsalk\/id1587068065\"><img decoding=\"async\" loading=\"lazy\" src=\"https:\/\/itsalk.com\/wp-content\/uploads\/2021\/07\/Download_on_the_App_Store_Badge_PTBR_RGB_blk_092917.svg\" alt=\"\" class=\"wp-image-346\" width=\"236\" height=\"62\"\/><\/a><\/figure>\n\n\n\n\n\n<p><\/p>\n<\/div>\n<\/div>\n<\/div>\n\n\n\n<div class=\"is-layout-flow wp-block-column\" style=\"flex-basis:25%\"><\/div>\n<\/div>\n","protected":false},"excerpt":{"rendered":"<p>Quem somos Itsalk \u00e9 a solu\u00e7\u00e3o para gerenciar, guardar e organizar seus documentos, arquivos eletr\u00f4nicos, imagens, fotos e pap\u00e9is escaneados ou fo [&#8230;]<\/p>\n<p><a class=\"btn btn-primary understrap-read-more-link\" href=\"https:\/\/itsalk.com\/pt-br\/quem-somos\/\">Leia Mais<\/a><\/p>\n","protected":false},"author":1,"featured_media":0,"parent":0,"menu_order":0,"comment_status":"closed","ping_status":"closed","template":"page-templates\/empty.php","meta":[],"acf":[],"yoast_head":"<!-- This site is optimized with the Yoast SEO plugin v19.10 - https:\/\/yoast.com\/wordpress\/plugins\/seo\/ -->\n<title>Quem Somos - itsalk<\/title>\n<meta name=\"robots\" content=\"index, follow, max-snippet:-1, max-image-preview:large, max-video-preview:-1\" \/>\n<link rel=\"canonical\" href=\"https:\/\/itsalk.com\/pt-br\/quem-somos\/\" \/>\n<meta property=\"og:locale\" content=\"pt_BR\" \/>\n<meta property=\"og:type\" content=\"article\" \/>\n<meta property=\"og:title\" content=\"Quem Somos - itsalk\" \/>\n<meta property=\"og:description\" content=\"Quem somos Itsalk \u00e9 a solu\u00e7\u00e3o para gerenciar, guardar e organizar seus documentos, arquivos eletr\u00f4nicos, imagens, fotos e pap\u00e9is escaneados ou fo [...]Leia Mais\" \/>\n<meta property=\"og:url\" content=\"https:\/\/itsalk.com\/pt-br\/quem-somos\/\" \/>\n<meta property=\"og:site_name\" content=\"itsalk\" \/>\n<meta property=\"article:modified_time\" content=\"2022-06-28T12:25:51+00:00\" \/>\n<meta property=\"og:image\" content=\"https:\/\/itsalk.com\/wp-content\/uploads\/2021\/05\/linha-divisoria-vermelha.png\" \/>\n<meta name=\"twitter:card\" content=\"summary_large_image\" \/>\n<meta name=\"twitter:label1\" content=\"Est. tempo de leitura\" \/>\n\t<meta name=\"twitter:data1\" content=\"2 minutos\" \/>\n<script type=\"application\/ld+json\" class=\"yoast-schema-graph\">{\"@context\":\"https:\/\/schema.org\",\"@graph\":[{\"@type\":\"WebPage\",\"@id\":\"https:\/\/itsalk.com\/pt-br\/quem-somos\/\",\"url\":\"https:\/\/itsalk.com\/pt-br\/quem-somos\/\",\"name\":\"Quem Somos - itsalk\",\"isPartOf\":{\"@id\":\"https:\/\/itsalk.com\/pt-br\/#website\"},\"datePublished\":\"2021-05-14T19:53:42+00:00\",\"dateModified\":\"2022-06-28T12:25:51+00:00\",\"breadcrumb\":{\"@id\":\"https:\/\/itsalk.com\/pt-br\/quem-somos\/#breadcrumb\"},\"inLanguage\":\"pt-BR\",\"potentialAction\":[{\"@type\":\"ReadAction\",\"target\":[\"https:\/\/itsalk.com\/pt-br\/quem-somos\/\"]}]},{\"@type\":\"BreadcrumbList\",\"@id\":\"https:\/\/itsalk.com\/pt-br\/quem-somos\/#breadcrumb\",\"itemListElement\":[{\"@type\":\"ListItem\",\"position\":1,\"name\":\"In\u00edcio\",\"item\":\"https:\/\/itsalk.com\/pt-br\/\"},{\"@type\":\"ListItem\",\"position\":2,\"name\":\"Quem Somos\"}]},{\"@type\":\"WebSite\",\"@id\":\"https:\/\/itsalk.com\/pt-br\/#website\",\"url\":\"https:\/\/itsalk.com\/pt-br\/\",\"name\":\"itsalk\",\"description\":\"it&#039;s all knowledge\",\"publisher\":{\"@id\":\"https:\/\/itsalk.com\/pt-br\/#organization\"},\"potentialAction\":[{\"@type\":\"SearchAction\",\"target\":{\"@type\":\"EntryPoint\",\"urlTemplate\":\"https:\/\/itsalk.com\/pt-br\/?s={search_term_string}\"},\"query-input\":\"required name=search_term_string\"}],\"inLanguage\":\"pt-BR\"},{\"@type\":\"Organization\",\"@id\":\"https:\/\/itsalk.com\/pt-br\/#organization\",\"name\":\"itsalk\",\"url\":\"https:\/\/itsalk.com\/pt-br\/\",\"logo\":{\"@type\":\"ImageObject\",\"inLanguage\":\"pt-BR\",\"@id\":\"https:\/\/itsalk.com\/pt-br\/#\/schema\/logo\/image\/\",\"url\":\"https:\/\/itsalk.com\/wp-content\/uploads\/2021\/05\/logo-3x1-1.png\",\"contentUrl\":\"https:\/\/itsalk.com\/wp-content\/uploads\/2021\/05\/logo-3x1-1.png\",\"width\":300,\"height\":200,\"caption\":\"itsalk\"},\"image\":{\"@id\":\"https:\/\/itsalk.com\/pt-br\/#\/schema\/logo\/image\/\"}}]}<\/script>\n<!-- \/ Yoast SEO plugin. -->","yoast_head_json":{"title":"Quem Somos - itsalk","robots":{"index":"index","follow":"follow","max-snippet":"max-snippet:-1","max-image-preview":"max-image-preview:large","max-video-preview":"max-video-preview:-1"},"canonical":"https:\/\/itsalk.com\/pt-br\/quem-somos\/","og_locale":"pt_BR","og_type":"article","og_title":"Quem Somos - itsalk","og_description":"Quem somos Itsalk \u00e9 a solu\u00e7\u00e3o para gerenciar, guardar e organizar seus documentos, arquivos eletr\u00f4nicos, imagens, fotos e pap\u00e9is escaneados ou fo [...]Leia Mais","og_url":"https:\/\/itsalk.com\/pt-br\/quem-somos\/","og_site_name":"itsalk","article_modified_time":"2022-06-28T12:25:51+00:00","og_image":[{"url":"https:\/\/itsalk.com\/wp-content\/uploads\/2021\/05\/linha-divisoria-vermelha.png"}],"twitter_card":"summary_large_image","twitter_misc":{"Est. tempo de leitura":"2 minutos"},"schema":{"@context":"https:\/\/schema.org","@graph":[{"@type":"WebPage","@id":"https:\/\/itsalk.com\/pt-br\/quem-somos\/","url":"https:\/\/itsalk.com\/pt-br\/quem-somos\/","name":"Quem Somos - itsalk","isPartOf":{"@id":"https:\/\/itsalk.com\/pt-br\/#website"},"datePublished":"2021-05-14T19:53:42+00:00","dateModified":"2022-06-28T12:25:51+00:00","breadcrumb":{"@id":"https:\/\/itsalk.com\/pt-br\/quem-somos\/#breadcrumb"},"inLanguage":"pt-BR","potentialAction":[{"@type":"ReadAction","target":["https:\/\/itsalk.com\/pt-br\/quem-somos\/"]}]},{"@type":"BreadcrumbList","@id":"https:\/\/itsalk.com\/pt-br\/quem-somos\/#breadcrumb","itemListElement":[{"@type":"ListItem","position":1,"name":"In\u00edcio","item":"https:\/\/itsalk.com\/pt-br\/"},{"@type":"ListItem","position":2,"name":"Quem Somos"}]},{"@type":"WebSite","@id":"https:\/\/itsalk.com\/pt-br\/#website","url":"https:\/\/itsalk.com\/pt-br\/","name":"itsalk","description":"it&#039;s all knowledge","publisher":{"@id":"https:\/\/itsalk.com\/pt-br\/#organization"},"potentialAction":[{"@type":"SearchAction","target":{"@type":"EntryPoint","urlTemplate":"https:\/\/itsalk.com\/pt-br\/?s={search_term_string}"},"query-input":"required name=search_term_string"}],"inLanguage":"pt-BR"},{"@type":"Organization","@id":"https:\/\/itsalk.com\/pt-br\/#organization","name":"itsalk","url":"https:\/\/itsalk.com\/pt-br\/","logo":{"@type":"ImageObject","inLanguage":"pt-BR","@id":"https:\/\/itsalk.com\/pt-br\/#\/schema\/logo\/image\/","url":"https:\/\/itsalk.com\/wp-content\/uploads\/2021\/05\/logo-3x1-1.png","contentUrl":"https:\/\/itsalk.com\/wp-content\/uploads\/2021\/05\/logo-3x1-1.png","width":300,"height":200,"caption":"itsalk"},"image":{"@id":"https:\/\/itsalk.com\/pt-br\/#\/schema\/logo\/image\/"}}]}},"_links":{"self":[{"href":"https:\/\/itsalk.com\/pt-br\/wp-json\/wp\/v2\/pages\/240"}],"collection":[{"href":"https:\/\/itsalk.com\/pt-br\/wp-json\/wp\/v2\/pages"}],"about":[{"href":"https:\/\/itsalk.com\/pt-br\/wp-json\/wp\/v2\/types\/page"}],"author":[{"embeddable":true,"href":"https:\/\/itsalk.com\/pt-br\/wp-json\/wp\/v2\/users\/1"}],"replies":[{"embeddable":true,"href":"https:\/\/itsalk.com\/pt-br\/wp-json\/wp\/v2\/comments?post=240"}],"version-history":[{"count":35,"href":"https:\/\/itsalk.com\/pt-br\/wp-json\/wp\/v2\/pages\/240\/revisions"}],"predecessor-version":[{"id":617,"href":"https:\/\/itsalk.com\/pt-br\/wp-json\/wp\/v2\/pages\/240\/revisions\/617"}],"wp:attachment":[{"href":"https:\/\/itsalk.com\/pt-br\/wp-json\/wp\/v2\/media?parent=240"}],"curies":[{"name":"wp","href":"https:\/\/api.w.org\/{rel}","templated":true}]}}